{"id":3521,"date":"2025-03-04T17:48:53","date_gmt":"2025-03-04T17:48:53","guid":{"rendered":"https:\/\/oneexpert.azurewebsites.net\/?post_type=product&#038;p=3521"},"modified":"2025-03-08T08:51:30","modified_gmt":"2025-03-08T08:51:30","slug":"cvpro","status":"publish","type":"product","link":"https:\/\/oneexpert.azurewebsites.net\/en\/produkt\/cvpro\/","title":{"rendered":"CvPro"},"content":{"rendered":"<p><span class=\"elementor-icon-list-text\"><strong>Dla kogo?<\/strong><\/span><\/p>\n<ul class=\"elementor-icon-list-items\">\n<li class=\"elementor-icon-list-item\"><span class=\"elementor-icon-list-text\">Os\u00f3b szukaj\u0105cych pracy, kt\u00f3re chc\u0105 mie\u0107 dobrze dopracowane CV<\/span><\/li>\n<li class=\"elementor-icon-list-item\"><span class=\"elementor-icon-list-text\">Kandydat\u00f3w aplikuj\u0105cych na konkretne stanowisko i potrzebuj\u0105cych dostosowania dokument\u00f3w<\/span><\/li>\n<li class=\"elementor-icon-list-item\"><span class=\"elementor-icon-list-text\">Dla ka\u017cdego kto chce wzmocni\u0107 sw\u00f3j wizerunek na LinkedIn<\/span><\/li>\n<\/ul>\n<p><span class=\"elementor-icon-list-text\"><strong data-start=\"620\" data-end=\"638\">Jak ta us\u0142uga pomo\u017ce Ci na rynku pracy?<\/strong><\/span><\/p>\n<ul class=\"elementor-icon-list-items\">\n<li class=\"elementor-icon-list-item\"><span class=\"elementor-icon-list-text\">Twoje CV zostanie dostosowane do wymaga\u0144 rekruter\u00f3w i system\u00f3w ATS (Automated Tracking System)<\/span><\/li>\n<li class=\"elementor-icon-list-item\"><span class=\"elementor-icon-list-text\">Otrzymasz profesjonalny profil LinkedIn, kt\u00f3ry zwi\u0119kszy Twoj\u0105 widoczno\u015b\u0107 w\u015br\u00f3d pracodawc\u00f3w<\/span><\/li>\n<li class=\"elementor-icon-list-item\"><span class=\"elementor-icon-list-text\">Unikniesz typowych b\u0142\u0119d\u00f3w w dokumentach rekrutacyjnych, kt\u00f3re mog\u0105 wp\u0142yn\u0105\u0107 na odrzucenie aplikacji<\/span><\/li>\n<li class=\"elementor-icon-list-item\"><span class=\"elementor-icon-list-text\">Twoja aplikacja b\u0119dzie bardziej przekonuj\u0105ca i dostosowana do oczekiwa\u0144 rynku<\/span><\/li>\n<\/ul>\n<p><span class=\"elementor-icon-list-text\"><strong>Co obejmuje us\u0142uga?<\/strong><\/span><\/p>\n<ul class=\"elementor-icon-list-items\">\n<li class=\"elementor-icon-list-item\"><span class=\"elementor-icon-list-text\">Korekta i dostosowanie CV \u2013 pod k\u0105tem konkretnego stanowiska i standard\u00f3w rekrutacyjnych<\/span><\/li>\n<li class=\"elementor-icon-list-item\"><span class=\"elementor-icon-list-text\">Ocena profilu zawodowego \u2013 analiza Twoich kompetencji i dopasowanie ich do rynku pracy<\/span><\/li>\n<li class=\"elementor-icon-list-item\"><span class=\"elementor-icon-list-text\">Przygotowanie lub korekta profilu LinkedIn \u2013 aby skutecznie budowa\u0107 Tw\u00f3j wizerunek zawodowy<\/span><\/li>\n<\/ul>\n<p><span class=\"elementor-icon-list-text\"><strong>Jak to dzia\u0142a?<\/strong><\/span><\/p>\n<ul class=\"elementor-icon-list-items\">\n<li class=\"elementor-icon-list-item\"><span class=\"elementor-icon-list-text\">Us\u0142ug\u0119 realizujemy poprzez kontakt telefoniczny, mailowy lub za po\u015brednictwem dowolnej formy komunikacji audiowizualnej. Termin wsp\u00f3\u0142pracy ustalamy indywidualnie, aby dopasowa\u0107 si\u0119 do Twoich potrzeb.<\/span><\/li>\n<\/ul>\n","protected":false},"excerpt":{"rendered":"<p><strong data-start=\"56\" data-end=\"65\">CvPro<\/strong>\u00a0to us\u0142uga, kt\u00f3ra pomo\u017ce Ci wyr\u00f3\u017cni\u0107 si\u0119 na rynku pracy dzi\u0119ki perfekcyjnie przygotowanym dokumentom rekrutacyjnym. Ocenimy Tw\u00f3j profil zawodowy, skorygujemy CV i dostosujemy je do wybranego stanowiska. Dodatkowo poprawimy lub stworzymy profesjonalny profil LinkedIn, aby zwi\u0119kszy\u0107 Twoje szanse na sukces.<\/p>\n","protected":false},"featured_media":0,"template":"","meta":{"_monsterinsights_skip_tracking":false,"_monsterinsights_sitenote_active":false,"_monsterinsights_sitenote_note":"","_monsterinsights_sitenote_category":0,"site-sidebar-layout":"default","site-content-layout":"","ast-site-content-layout":"normal-width-container","site-content-style":"boxed","site-sidebar-style":"boxed","ast-global-header-display":"","ast-banner-title-visibility":"","ast-main-header-display":"","ast-hfb-above-header-display":"","ast-hfb-below-header-display":"","ast-hfb-mobile-header-display":"","site-post-title":"","ast-breadcrumbs-content":"","ast-featured-img":"","footer-sml-layout":"","theme-transparent-header-meta":"default","adv-header-id-meta":"","stick-header-meta":"","header-above-stick-meta":"","header-main-stick-meta":"","header-below-stick-meta":"","astra-migrate-meta-layouts":"set","ast-page-background-enabled":"default","ast-page-background-meta":{"desktop":{"background-color":"","background-image":"","background-repeat":"repeat","background-position":"center center","background-size":"auto","background-attachment":"scroll","background-type":"","background-media":"","overlay-type":"","overlay-color":"","overlay-opacity":"","overlay-gradient":""},"tablet":{"background-color":"","background-image":"","background-repeat":"repeat","background-position":"center center","background-size":"auto","background-attachment":"scroll","background-type":"","background-media":"","overlay-type":"","overlay-color":"","overlay-opacity":"","overlay-gradient":""},"mobile":{"background-color":"","background-image":"","background-repeat":"repeat","background-position":"center center","background-size":"auto","background-attachment":"scroll","background-type":"","background-media":"","overlay-type":"","overlay-color":"","overlay-opacity":"","overlay-gradient":""}},"ast-content-background-meta":{"desktop":{"background-color":"var(--ast-global-color-5)","background-image":"","background-repeat":"repeat","background-position":"center center","background-size":"auto","background-attachment":"scroll","background-type":"","background-media":"","overlay-type":"","overlay-color":"","overlay-opacity":"","overlay-gradient":""},"tablet":{"background-color":"var(--ast-global-color-5)","background-image":"","background-repeat":"repeat","background-position":"center center","background-size":"auto","background-attachment":"scroll","background-type":"","background-media":"","overlay-type":"","overlay-color":"","overlay-opacity":"","overlay-gradient":""},"mobile":{"background-color":"var(--ast-global-color-5)","background-image":"","background-repeat":"repeat","background-position":"center center","background-size":"auto","background-attachment":"scroll","background-type":"","background-media":"","overlay-type":"","overlay-color":"","overlay-opacity":"","overlay-gradient":""}}},"product_brand":[],"product_cat":[45],"product_tag":[],"class_list":{"0":"post-3521","1":"product","2":"type-product","3":"status-publish","5":"product_cat-uslugi","6":"desktop-align-left","7":"tablet-align-left","8":"mobile-align-left","10":"first","11":"instock","12":"virtual","13":"sold-individually","14":"purchasable","15":"product-type-simple"},"aioseo_notices":[],"jetpack_sharing_enabled":true,"_links":{"self":[{"href":"https:\/\/oneexpert.azurewebsites.net\/en\/wp-json\/wp\/v2\/product\/3521","targetHints":{"allow":["GET"]}}],"collection":[{"href":"https:\/\/oneexpert.azurewebsites.net\/en\/wp-json\/wp\/v2\/product"}],"about":[{"href":"https:\/\/oneexpert.azurewebsites.net\/en\/wp-json\/wp\/v2\/types\/product"}],"version-history":[{"count":0,"href":"https:\/\/oneexpert.azurewebsites.net\/en\/wp-json\/wp\/v2\/product\/3521\/revisions"}],"wp:attachment":[{"href":"https:\/\/oneexpert.azurewebsites.net\/en\/wp-json\/wp\/v2\/media?parent=3521"}],"wp:term":[{"taxonomy":"product_brand","embeddable":true,"href":"https:\/\/oneexpert.azurewebsites.net\/en\/wp-json\/wp\/v2\/product_brand?post=3521"},{"taxonomy":"product_cat","embeddable":true,"href":"https:\/\/oneexpert.azurewebsites.net\/en\/wp-json\/wp\/v2\/product_cat?post=3521"},{"taxonomy":"product_tag","embeddable":true,"href":"https:\/\/oneexpert.azurewebsites.net\/en\/wp-json\/wp\/v2\/product_tag?post=3521"}],"curies":[{"name":"wp","href":"https:\/\/api.w.org\/{rel}","templated":true}]}}