{"id":3635,"date":"2025-03-07T21:58:36","date_gmt":"2025-03-07T21:58:36","guid":{"rendered":"https:\/\/oneexpert.azurewebsites.net\/?post_type=product&#038;p=3635"},"modified":"2025-03-09T13:16:39","modified_gmt":"2025-03-09T13:16:39","slug":"rekrutacja-przy-kawie","status":"publish","type":"product","link":"https:\/\/oneexpert.azurewebsites.net\/en\/produkt\/rekrutacja-przy-kawie\/","title":{"rendered":"Rekrutacja Przy Kawie"},"content":{"rendered":"<p><span class=\"elementor-icon-list-text\"><strong>Dla kogo?<\/strong><\/span><\/p>\n<ul class=\"elementor-icon-list-items\">\n<li class=\"elementor-icon-list-item\"><span class=\"elementor-icon-list-text\">Os\u00f3b zmieniaj\u0105cych bran\u017c\u0119 i przygotowuj\u0105cych si\u0119 do nowych wyzwa\u0144 zawodowych<\/span><\/li>\n<li class=\"elementor-icon-list-item\"><span class=\"elementor-icon-list-text\">Os\u00f3b poszukuj\u0105cych pracy, kt\u00f3re chc\u0105 zwi\u0119kszy\u0107 swoje szanse na sukces<\/span><\/li>\n<li class=\"elementor-icon-list-item\"><span class=\"elementor-icon-list-text\">Kandydat\u00f3w, kt\u00f3rzy maj\u0105 w\u0105tpliwo\u015bci co do swoich odpowiedzi i chc\u0105 je udoskonali\u0107<\/span><\/li>\n<\/ul>\n<p><span class=\"elementor-icon-list-text\"><strong data-start=\"620\" data-end=\"638\">Jak to dzia\u0142a?<\/strong><\/span><\/p>\n<ul class=\"elementor-icon-list-items\">\n<li class=\"elementor-icon-list-item\"><span class=\"elementor-icon-list-text\">Us\u0142ug\u0119 realizujemy online, w wygodnej dla Ciebie formie audiowizualnej. Po zg\u0142oszeniu ustalamy dogodny termin i spos\u00f3b komunikacji.<\/span><\/li>\n<\/ul>\n","protected":false},"excerpt":{"rendered":"<p><strong data-start=\"72\" data-end=\"97\">Rekrutacja Przy Kawie<\/strong>\u00a0to us\u0142uga, kt\u00f3ra pomo\u017ce Ci skutecznie przygotowa\u0107 si\u0119 do rozmowy kwalifikacyjnej. Wsp\u00f3lnie przeanalizujemy Tw\u00f3j potencja\u0142 na wybrane stanowisko, wykonamy testy oraz przeprowadzimy pr\u00f3bne rozmowy z om\u00f3wieniem b\u0142\u0119d\u00f3w i wskaz\u00f3wkami, jak je poprawi\u0107.<\/p>\n","protected":false},"featured_media":0,"template":"","meta":{"_monsterinsights_skip_tracking":false,"_monsterinsights_sitenote_active":false,"_monsterinsights_sitenote_note":"","_monsterinsights_sitenote_category":0,"site-sidebar-layout":"default","site-content-layout":"","ast-site-content-layout":"normal-width-container","site-content-style":"boxed","site-sidebar-style":"boxed","ast-global-header-display":"","ast-banner-title-visibility":"","ast-main-header-display":"","ast-hfb-above-header-display":"","ast-hfb-below-header-display":"","ast-hfb-mobile-header-display":"","site-post-title":"","ast-breadcrumbs-content":"","ast-featured-img":"","footer-sml-layout":"","theme-transparent-header-meta":"default","adv-header-id-meta":"","stick-header-meta":"","header-above-stick-meta":"","header-main-stick-meta":"","header-below-stick-meta":"","astra-migrate-meta-layouts":"set","ast-page-background-enabled":"default","ast-page-background-meta":{"desktop":{"background-color":"","background-image":"","background-repeat":"repeat","background-position":"center center","background-size":"auto","background-attachment":"scroll","background-type":"","background-media":"","overlay-type":"","overlay-color":"","overlay-opacity":"","overlay-gradient":""},"tablet":{"background-color":"","background-image":"","background-repeat":"repeat","background-position":"center center","background-size":"auto","background-attachment":"scroll","background-type":"","background-media":"","overlay-type":"","overlay-color":"","overlay-opacity":"","overlay-gradient":""},"mobile":{"background-color":"","background-image":"","background-repeat":"repeat","background-position":"center center","background-size":"auto","background-attachment":"scroll","background-type":"","background-media":"","overlay-type":"","overlay-color":"","overlay-opacity":"","overlay-gradient":""}},"ast-content-background-meta":{"desktop":{"background-color":"var(--ast-global-color-5)","background-image":"","background-repeat":"repeat","background-position":"center center","background-size":"auto","background-attachment":"scroll","background-type":"","background-media":"","overlay-type":"","overlay-color":"","overlay-opacity":"","overlay-gradient":""},"tablet":{"background-color":"var(--ast-global-color-5)","background-image":"","background-repeat":"repeat","background-position":"center center","background-size":"auto","background-attachment":"scroll","background-type":"","background-media":"","overlay-type":"","overlay-color":"","overlay-opacity":"","overlay-gradient":""},"mobile":{"background-color":"var(--ast-global-color-5)","background-image":"","background-repeat":"repeat","background-position":"center center","background-size":"auto","background-attachment":"scroll","background-type":"","background-media":"","overlay-type":"","overlay-color":"","overlay-opacity":"","overlay-gradient":""}}},"product_brand":[],"product_cat":[45],"product_tag":[],"class_list":{"0":"post-3635","1":"product","2":"type-product","3":"status-publish","5":"product_cat-uslugi","6":"desktop-align-left","7":"tablet-align-left","8":"mobile-align-left","10":"first","11":"instock","12":"virtual","13":"sold-individually","14":"purchasable","15":"product-type-simple"},"aioseo_notices":[],"jetpack_sharing_enabled":true,"_links":{"self":[{"href":"https:\/\/oneexpert.azurewebsites.net\/en\/wp-json\/wp\/v2\/product\/3635","targetHints":{"allow":["GET"]}}],"collection":[{"href":"https:\/\/oneexpert.azurewebsites.net\/en\/wp-json\/wp\/v2\/product"}],"about":[{"href":"https:\/\/oneexpert.azurewebsites.net\/en\/wp-json\/wp\/v2\/types\/product"}],"version-history":[{"count":1,"href":"https:\/\/oneexpert.azurewebsites.net\/en\/wp-json\/wp\/v2\/product\/3635\/revisions"}],"predecessor-version":[{"id":3741,"href":"https:\/\/oneexpert.azurewebsites.net\/en\/wp-json\/wp\/v2\/product\/3635\/revisions\/3741"}],"wp:attachment":[{"href":"https:\/\/oneexpert.azurewebsites.net\/en\/wp-json\/wp\/v2\/media?parent=3635"}],"wp:term":[{"taxonomy":"product_brand","embeddable":true,"href":"https:\/\/oneexpert.azurewebsites.net\/en\/wp-json\/wp\/v2\/product_brand?post=3635"},{"taxonomy":"product_cat","embeddable":true,"href":"https:\/\/oneexpert.azurewebsites.net\/en\/wp-json\/wp\/v2\/product_cat?post=3635"},{"taxonomy":"product_tag","embeddable":true,"href":"https:\/\/oneexpert.azurewebsites.net\/en\/wp-json\/wp\/v2\/product_tag?post=3635"}],"curies":[{"name":"wp","href":"https:\/\/api.w.org\/{rel}","templated":true}]}}