{"id":3638,"date":"2025-03-07T22:10:21","date_gmt":"2025-03-07T22:10:21","guid":{"rendered":"https:\/\/oneexpert.azurewebsites.net\/?post_type=product&#038;p=3638"},"modified":"2025-03-09T13:19:36","modified_gmt":"2025-03-09T13:19:36","slug":"oneexpert","status":"publish","type":"product","link":"https:\/\/oneexpert.azurewebsites.net\/en\/produkt\/oneexpert\/","title":{"rendered":"OneExpert"},"content":{"rendered":"<p><span class=\"elementor-icon-list-text\"><strong>Dla kogo?<\/strong><\/span><\/p>\n<ul class=\"elementor-icon-list-items\">\n<li class=\"elementor-icon-list-item\"><span class=\"elementor-icon-list-text\">Os\u00f3b aktywnie poszukuj\u0105cych pracy, kt\u00f3re chc\u0105 zwi\u0119kszy\u0107 swoje szanse na rynku<\/span><\/li>\n<li class=\"elementor-icon-list-item\"><span class=\"elementor-icon-list-text\">Kandydat\u00f3w chc\u0105cych wyr\u00f3\u017cni\u0107 si\u0119 profesjonalnym CV i profilem LinkedIn<\/span><\/li>\n<li class=\"elementor-icon-list-item\"><span class=\"elementor-icon-list-text\">Os\u00f3b potrzebuj\u0105cych wsparcia w planowaniu kariery i rozwijaniu kompetencji<\/span><\/li>\n<\/ul>\n<p><span class=\"elementor-icon-list-text\"><strong data-start=\"620\" data-end=\"638\">Jak ta us\u0142uga pomo\u017ce Ci na rynku pracy?<\/strong><\/span><\/p>\n<ul class=\"elementor-icon-list-items\">\n<li class=\"elementor-icon-list-item\"><span class=\"elementor-icon-list-text\">Otrzymasz indywidualnie dopasowan\u0105 \u015bcie\u017ck\u0119 kariery oraz plan dzia\u0142a\u0144 do osi\u0105gni\u0119cia cel\u00f3w zawodowych<\/span><\/li>\n<li class=\"elementor-icon-list-item\"><span class=\"elementor-icon-list-text\">Zyskasz profesjonalnie przygotowane CV oraz reprezentatywny profil LinkedIn, kt\u00f3re przyci\u0105gn\u0105 uwag\u0119 rekruter\u00f3w<\/span><\/li>\n<li class=\"elementor-icon-list-item\"><span class=\"elementor-icon-list-text\">Zidentyfikujesz swoje kluczowe kompetencje techniczne i otrzymasz rekomendacje dotycz\u0105ce ich rozwoju<\/span><\/li>\n<li class=\"elementor-icon-list-item\"><span class=\"elementor-icon-list-text\">B\u0119dziesz lepiej przygotowany do rozm\u00f3w kwalifikacyjnych, co zwi\u0119kszy Twoje szanse na sukces<\/span><\/li>\n<\/ul>\n<p><span class=\"elementor-icon-list-text\"><strong data-start=\"620\" data-end=\"638\">Co wchodzi w sk\u0142ad us\u0142ugi?<\/strong><\/span><\/p>\n<ul class=\"elementor-icon-list-items\">\n<li class=\"elementor-icon-list-item\"><span class=\"elementor-icon-list-text\">CvPro &#8211; Profesjonalne CV i profil LinkedIn, dopasowane do stanowiska i zgodne z najlepszymi praktykami.<\/span><\/li>\n<li class=\"elementor-icon-list-item\"><span class=\"elementor-icon-list-text\">Droga Eksperta &#8211; Indywidualna \u015bcie\u017cka kariery, konkretne kroki, kt\u00f3re pomog\u0105 Ci osi\u0105gn\u0105\u0107 zawodowe cele<\/span><\/li>\n<li class=\"elementor-icon-list-item\"><span class=\"elementor-icon-list-text\">Aktywni &#8211; Analiza kompetencji technicznych, identyfikacja mocnych stron i rekomendacje dotycz\u0105ce rozwoju<\/span><\/li>\n<li class=\"elementor-icon-list-item\"><span class=\"elementor-icon-list-text\">Rekrutacja Przy Kawie &#8211; Przygotowanie do rozmowy kwalifikacyjnej, trening i wskaz\u00f3wki, kt\u00f3re pomog\u0105 Ci wyr\u00f3\u017cni\u0107 si\u0119 w procesie rekrutacyjnym<\/span><\/li>\n<\/ul>\n<p><span class=\"elementor-icon-list-text\"><strong>Jak to dzia\u0142a?<\/strong><\/span><\/p>\n<ul class=\"elementor-icon-list-items\">\n<li class=\"elementor-icon-list-item\"><span class=\"elementor-icon-list-text\">Po zam\u00f3wieniu us\u0142ugi kontaktujemy si\u0119 z Tob\u0105 i realizujemy ca\u0142y proces online, za po\u015brednictwem naszej strony www.oneexpert.pl. Termin wsp\u00f3\u0142pracy ustalamy indywidualnie, aby dostosowa\u0107 si\u0119 do Twoich potrzeb.<\/span><\/li>\n<\/ul>\n","protected":false},"excerpt":{"rendered":"<div class=\"elementor-element elementor-element-7e6c2cee e-con-full e-flex e-con e-child\" data-id=\"7e6c2cee\" data-element_type=\"container\">\n<div class=\"elementor-element elementor-element-2461cb30 elementor-widget elementor-widget-text-editor\" data-id=\"2461cb30\" data-element_type=\"widget\" data-widget_type=\"text-editor.default\">\n<div class=\"elementor-widget-container\">\n<div class=\"elementor-element elementor-element-37640b5c e-con-full e-flex e-con e-child\" data-id=\"37640b5c\" data-element_type=\"container\">\n<div class=\"elementor-element elementor-element-4d0cb1d4 elementor-widget elementor-widget-text-editor\" data-id=\"4d0cb1d4\" data-element_type=\"widget\" data-widget_type=\"text-editor.default\">\n<div class=\"elementor-widget-container\">\n<p><strong data-start=\"66\" data-end=\"79\">OneExpert<\/strong>\u00a0to kompleksowa us\u0142uga dla os\u00f3b poszukuj\u0105cych pracy, obejmuj\u0105ca zar\u00f3wno wyszukiwanie ofert, jak i profesjonaln\u0105 reprezentacj\u0119 kandydata. Dzi\u0119ki naszej pomocy zwi\u0119kszysz swoje szanse na zdobycie okre\u015blonego stanowiska.<\/p>\n<\/div>\n<\/div>\n<\/div>\n<div class=\"elementor-element elementor-element-9afb21d e-con-full e-flex e-con e-child\" data-id=\"9afb21d\" data-element_type=\"container\">\n<div class=\"elementor-element elementor-element-36703bd8 elementor-widget elementor-widget-heading\" data-id=\"36703bd8\" data-element_type=\"widget\" data-widget_type=\"heading.default\">\n<div class=\"elementor-widget-container\"><\/div>\n<\/div>\n<\/div>\n<\/div>\n<\/div>\n<\/div>\n","protected":false},"featured_media":0,"template":"","meta":{"_monsterinsights_skip_tracking":false,"_monsterinsights_sitenote_active":false,"_monsterinsights_sitenote_note":"","_monsterinsights_sitenote_category":0,"site-sidebar-layout":"default","site-content-layout":"","ast-site-content-layout":"normal-width-container","site-content-style":"boxed","site-sidebar-style":"boxed","ast-global-header-display":"","ast-banner-title-visibility":"","ast-main-header-display":"","ast-hfb-above-header-display":"","ast-hfb-below-header-display":"","ast-hfb-mobile-header-display":"","site-post-title":"","ast-breadcrumbs-content":"","ast-featured-img":"","footer-sml-layout":"","theme-transparent-header-meta":"default","adv-header-id-meta":"","stick-header-meta":"","header-above-stick-meta":"","header-main-stick-meta":"","header-below-stick-meta":"","astra-migrate-meta-layouts":"set","ast-page-background-enabled":"default","ast-page-background-meta":{"desktop":{"background-color":"","background-image":"","background-repeat":"repeat","background-position":"center center","background-size":"auto","background-attachment":"scroll","background-type":"","background-media":"","overlay-type":"","overlay-color":"","overlay-opacity":"","overlay-gradient":""},"tablet":{"background-color":"","background-image":"","background-repeat":"repeat","background-position":"center center","background-size":"auto","background-attachment":"scroll","background-type":"","background-media":"","overlay-type":"","overlay-color":"","overlay-opacity":"","overlay-gradient":""},"mobile":{"background-color":"","background-image":"","background-repeat":"repeat","background-position":"center center","background-size":"auto","background-attachment":"scroll","background-type":"","background-media":"","overlay-type":"","overlay-color":"","overlay-opacity":"","overlay-gradient":""}},"ast-content-background-meta":{"desktop":{"background-color":"var(--ast-global-color-5)","background-image":"","background-repeat":"repeat","background-position":"center center","background-size":"auto","background-attachment":"scroll","background-type":"","background-media":"","overlay-type":"","overlay-color":"","overlay-opacity":"","overlay-gradient":""},"tablet":{"background-color":"var(--ast-global-color-5)","background-image":"","background-repeat":"repeat","background-position":"center center","background-size":"auto","background-attachment":"scroll","background-type":"","background-media":"","overlay-type":"","overlay-color":"","overlay-opacity":"","overlay-gradient":""},"mobile":{"background-color":"var(--ast-global-color-5)","background-image":"","background-repeat":"repeat","background-position":"center center","background-size":"auto","background-attachment":"scroll","background-type":"","background-media":"","overlay-type":"","overlay-color":"","overlay-opacity":"","overlay-gradient":""}}},"product_brand":[],"product_cat":[45],"product_tag":[],"class_list":{"0":"post-3638","1":"product","2":"type-product","3":"status-publish","5":"product_cat-uslugi","6":"desktop-align-left","7":"tablet-align-left","8":"mobile-align-left","10":"first","11":"instock","12":"virtual","13":"sold-individually","14":"purchasable","15":"product-type-simple"},"aioseo_notices":[],"jetpack_sharing_enabled":true,"_links":{"self":[{"href":"https:\/\/oneexpert.azurewebsites.net\/en\/wp-json\/wp\/v2\/product\/3638","targetHints":{"allow":["GET"]}}],"collection":[{"href":"https:\/\/oneexpert.azurewebsites.net\/en\/wp-json\/wp\/v2\/product"}],"about":[{"href":"https:\/\/oneexpert.azurewebsites.net\/en\/wp-json\/wp\/v2\/types\/product"}],"version-history":[{"count":1,"href":"https:\/\/oneexpert.azurewebsites.net\/en\/wp-json\/wp\/v2\/product\/3638\/revisions"}],"predecessor-version":[{"id":3744,"href":"https:\/\/oneexpert.azurewebsites.net\/en\/wp-json\/wp\/v2\/product\/3638\/revisions\/3744"}],"wp:attachment":[{"href":"https:\/\/oneexpert.azurewebsites.net\/en\/wp-json\/wp\/v2\/media?parent=3638"}],"wp:term":[{"taxonomy":"product_brand","embeddable":true,"href":"https:\/\/oneexpert.azurewebsites.net\/en\/wp-json\/wp\/v2\/product_brand?post=3638"},{"taxonomy":"product_cat","embeddable":true,"href":"https:\/\/oneexpert.azurewebsites.net\/en\/wp-json\/wp\/v2\/product_cat?post=3638"},{"taxonomy":"product_tag","embeddable":true,"href":"https:\/\/oneexpert.azurewebsites.net\/en\/wp-json\/wp\/v2\/product_tag?post=3638"}],"curies":[{"name":"wp","href":"https:\/\/api.w.org\/{rel}","templated":true}]}}